{"id":275341,"date":"2022-05-30T10:11:37","date_gmt":"2022-05-30T10:11:37","guid":{"rendered":"https:\/\/link4s.pt\/home\/"},"modified":"2023-06-20T17:03:21","modified_gmt":"2023-06-20T17:03:21","slug":"home","status":"publish","type":"page","link":"https:\/\/link4s.pt\/en\/","title":{"rendered":"Home"},"content":{"rendered":"<p>[et_pb_section fb_built=&#8221;1&#8243; next_background_color=&#8221;#281E79&#8243; admin_label=&#8221;Header&#8221; _builder_version=&#8221;4.19.0&#8243; _module_preset=&#8221;default&#8221; bottom_divider_style=&#8221;ramp&#8221; global_colors_info=&#8221;{}&#8221;][et_pb_row column_structure=&#8221;1_2,1_2&#8243; make_equal=&#8221;on&#8221; _builder_version=&#8221;4.19.4&#8243; _module_preset=&#8221;default&#8221; custom_margin=&#8221;50px||||false|false&#8221; custom_margin_last_edited=&#8221;off|tablet&#8221; hover_enabled=&#8221;0&#8243; custom_css_main_element=&#8221;align-items: center;&#8221; locked=&#8221;off&#8221; global_colors_info=&#8221;{}&#8221; sticky_enabled=&#8221;0&#8243;][et_pb_column type=&#8221;1_2&#8243; _builder_version=&#8221;4.17.4&#8243; _module_preset=&#8221;default&#8221; global_colors_info=&#8221;{}&#8221;][et_pb_text content_tablet=&#8221;<\/p>\n<h1>Technology at  <br \/>service of the  <br \/>sustainability<\/h1>\n<p>&#8221; content_phone=&#8221;<\/p>\n<h1>Technology at  <br \/>service of the  <br \/>sustainability<\/h1>\n<p>&#8221; content_last_edited=&#8221;on|phone&#8221; _builder_version=&#8221;4.19.0&#8243; _module_preset=&#8221;default&#8221; header_font=&#8221;Neo Sans W1G Bold||||||||&#8221; header_text_color=&#8221;#92CEE9&#8243; header_font_size=&#8221;63px&#8221; header_line_height=&#8221;1.1em&#8221; header_font_size_tablet=&#8221;50px&#8221; header_font_size_phone=&#8221;36px&#8221; header_font_size_last_edited=&#8221;on|desktop&#8221; global_colors_info=&#8221;{}&#8221;]<\/p>\n<h1>Technology at the service of sustainability<\/h1>\n<p>[\/et_pb_text][\/et_pb_column][et_pb_column type=&#8221;1_2&#8243; _builder_version=&#8221;4.17.4&#8243; _module_preset=&#8221;default&#8221; global_colors_info=&#8221;{}&#8221;][et_pb_video src=&#8221;https:\/\/link4s.pt\/wp-content\/uploads\/2022\/06\/AdobeStock_175524826.mp4&#8243; src_webm=&#8221;https:\/\/link4s.pt\/wp-content\/uploads\/2022\/06\/video-opacity.png&#8221; image_src=&#8221;https:\/\/link4s.pt\/wp-content\/uploads\/2022\/11\/overlay-copy.webp&#8221; play_icon_color=&#8221;#FFFFFF&#8221; font_icon=&#8221;=||divi||400&#8243; thumbnail_overlay_color=&#8221;RGBA(255,255,255,0)&#8221; module_class=&#8221;custom-slider&#8221; _builder_version=&#8221;4.21.0&#8243; _module_preset=&#8221;default&#8221; global_colors_info=&#8221;{}&#8221; disabled_on=&#8221;on|on|on&#8221; disabled][\/et_pb_video][\/et_pb_column][\/et_pb_row][\/et_pb_section][et_pb_section fb_built=&#8221;1&#8243; admin_label=&#8221;Vision&#8221; _builder_version=&#8221;4.19.0&#8243; _module_preset=&#8221;default&#8221; background_color=&#8221;#281E79&#8243; custom_margin=&#8221;||||false|false&#8221; global_colors_info=&#8221;{}&#8221;][et_pb_row make_equal=&#8221;on&#8221; _builder_version=&#8221;4.17.4&#8243; _module_preset=&#8221;default&#8221; custom_css_main_element=&#8221;align-items: flex-end;&#8221; global_colors_info=&#8221;{}&#8221;][et_pb_column type=&#8221;4_4&#8243; _builder_version=&#8221;4.17.4&#8243; _module_preset=&#8221;default&#8221; global_colors_info=&#8221;{}&#8221;][et_pb_text _builder_version=&#8221;4.19.0&#8243; _module_preset=&#8221;default&#8221; text_font=&#8221;Fira Sans Condensed Light|||on|||||&#8221; text_text_color=&#8221;#FFFFFF&#8221; text_font_size=&#8221;18px&#8221; text_letter_spacing=&#8221;1px&#8221; custom_margin=&#8221;||||false|false&#8221; custom_padding=&#8221;||||false|false&#8221; global_colors_info=&#8221;{}&#8221;]<\/p>\n<p>About<\/p>\n<p>[\/et_pb_text][et_pb_text _builder_version=&#8221;4.17.4&#8243; _module_preset=&#8221;default&#8221; header_font=&#8221;Neo Sans W1G Bold||||||||&#8221; header_text_color=&#8221;#92CEE9&#8243; header_font_size=&#8221;63px&#8221; header_line_height=&#8221;1.1em&#8221; header_font_size_tablet=&#8221;50px&#8221; header_font_size_phone=&#8221;36px&#8221; header_font_size_last_edited=&#8221;on|desktop&#8221; global_colors_info=&#8221;{}&#8221;]<\/p>\n<h1>Overview<\/h1>\n<p>[\/et_pb_text][\/et_pb_column][\/et_pb_row][et_pb_row column_structure=&#8221;1_2,1_2&#8243; _builder_version=&#8221;4.17.4&#8243; _module_preset=&#8221;default&#8221; global_colors_info=&#8221;{}&#8221;][et_pb_column type=&#8221;1_2&#8243; _builder_version=&#8221;4.17.4&#8243; _module_preset=&#8221;default&#8221; global_colors_info=&#8221;{}&#8221;][et_pb_text _builder_version=&#8221;4.19.0&#8243; _module_preset=&#8221;default&#8221; text_font=&#8221;Fira Sans Condensed Light||||||||&#8221; text_text_color=&#8221;#FFFFFF&#8221; text_font_size=&#8221;24px&#8221; text_line_height=&#8221;1.5em&#8221; header_font=&#8221;||||||||&#8221; header_font_size=&#8221;60px&#8221; text_font_size_tablet=&#8221;24px&#8221; text_font_size_phone=&#8221;16px&#8221; text_font_size_last_edited=&#8221;on|desktop&#8221; global_colors_info=&#8221;{}&#8221;]<\/p>\n<p>(Link4S)ustainability &#8211; A new generation connectivity system for creation and integration of networks of objects for new sustainability paradigms, is a RTD (Research and Technological Development) project led by NOS-Comunica\u00e7\u00f5es in<\/p>\n<p>[\/et_pb_text][\/et_pb_column][et_pb_column type=&#8221;1_2&#8243; _builder_version=&#8221;4.17.4&#8243; _module_preset=&#8221;default&#8221; global_colors_info=&#8221;{}&#8221;][et_pb_text _builder_version=&#8221;4.19.0&#8243; _module_preset=&#8221;default&#8221; text_font=&#8221;Fira Sans Condensed Light||||||||&#8221; text_text_color=&#8221;#FFFFFF&#8221; text_font_size=&#8221;24px&#8221; text_line_height=&#8221;1.5em&#8221; header_font=&#8221;||||||||&#8221; header_font_size=&#8221;60px&#8221; text_font_size_tablet=&#8221;24px&#8221; text_font_size_phone=&#8221;16px&#8221; text_font_size_last_edited=&#8221;on|desktop&#8221; global_colors_info=&#8221;{}&#8221;]co-promotion with Mobileum, Exatronic, REN, Portg\u00e1s, NOS-Technology, Wyze, Beyond Vision, CEIIA, DTx, INL and Minho University. The project has a duration of 36 months, starting July 1, 2020 and ending June 30, 2023.[\/et_pb_text][\/et_pb_column][\/et_pb_row][\/et_pb_section][et_pb_section fb_built=&#8221;1&#8243; prev_background_color=&#8221;#281E79&#8243; admin_label=&#8221;Organic&#8221; _builder_version=&#8221;4.17.4&#8243; _module_preset=&#8221;default&#8221; top_divider_style=&#8221;ramp&#8221; top_divider_height_tablet=&#8221;&#8221; top_divider_height_phone=&#8221;50px&#8221; top_divider_height_last_edited=&#8221;on|phone&#8221; global_colors_info=&#8221;{}&#8221;][et_pb_row _builder_version=&#8221;4.17.4&#8243; _module_preset=&#8221;default&#8221; custom_margin=&#8221;100px||||false|false&#8221; custom_margin_tablet=&#8221;100px||||false|false&#8221; custom_margin_phone=&#8221;50px||||false|false&#8221; custom_margin_last_edited=&#8221;on|phone&#8221; custom_css_main_element=&#8221;align-items: flex-end;&#8221; global_colors_info=&#8221;{}&#8221;][et_pb_column type=&#8221;4_4&#8243; _builder_version=&#8221;4.17.4&#8243; _module_preset=&#8221;default&#8221; global_colors_info=&#8221;{}&#8221;][et_pb_text _builder_version=&#8221;4.17.4&#8243; _module_preset=&#8221;default&#8221; header_font=&#8221;Neo Sans W1G Bold||||||||&#8221; header_text_color=&#8221;#92CEE9&#8243; header_font_size=&#8221;63px&#8221; header_line_height=&#8221;1.1em&#8221; header_font_size_tablet=&#8221;50px&#8221; header_font_size_phone=&#8221;36px&#8221; header_font_size_last_edited=&#8221;on|desktop&#8221; custom_css_main_element=&#8221;font-family: neo-sans, sans-serif;||font-weight: 700;||font-style: normal;||text-transform: none;&#8221; locked=&#8221;off&#8221; global_colors_info=&#8221;{}&#8221;]<\/p>\n<h1>Project organization<\/h1>\n<p>[\/et_pb_text][\/et_pb_column][\/et_pb_row][et_pb_row _builder_version=&#8221;4.17.4&#8243; _module_preset=&#8221;default&#8221; global_colors_info=&#8221;{}&#8221;][et_pb_column type=&#8221;4_4&#8243; _builder_version=&#8221;4.17.4&#8243; _module_preset=&#8221;default&#8221; global_colors_info=&#8221;{}&#8221;][difl_imagecarousel item_desktop=&#8221;5&#8243; centered_slides=&#8221;on&#8221; loop=&#8221;on&#8221; arrow=&#8221;on&#8221; arrow_prev_icon_use_icon=&#8221;on&#8221; arrow_prev_icon_font_icon=&#8221;&#x34;||divi||400&#8243; arrow_prev_icon_icon_size=&#8221;45px&#8221; arrow_next_icon_use_icon=&#8221;on&#8221; arrow_next_icon_font_icon=&#8221;&#x35;||divi||400&#8243; arrow_next_icon_icon_size=&#8221;45px&#8221; arrow_color=&#8221;#98D801&#8243; arrow_background=&#8221;RGBA(255,255,255,0)&#8221; arrow_prev_padding=&#8221;|||0px|false|false&#8221; arrow_next_padding=&#8221;|0px|||false|false&#8221; image_scale=&#8221;on&#8221; _builder_version=&#8221;4.19.4&#8243; _module_preset=&#8221;default&#8221; custom_css_arrow=&#8221;display: none;&#8221; global_colors_info=&#8221;{}&#8221; custom_css_arrow_last_edited=&#8221;on|phone&#8221; custom_css_arrow_tablet=&#8221;clear: none;&#8221; custom_css_arrow_phone=&#8221;clear: none;&#8221;][difl_imagecarouselitem admin_label=&#8221;Sensores&#8221; image=&#8221;https:\/\/link4s.pt\/wp-content\/uploads\/2022\/06\/sensores@4x-8.png&#8221; alt_text=&#8221;Sensors&#8221; ic_button_button_url_new_window=&#8221;1&#8243; _builder_version=&#8221;4.19.4&#8243; _module_preset=&#8221;default&#8221; global_colors_info=&#8221;{}&#8221;][\/difl_imagecarouselitem][difl_imagecarouselitem admin_label=&#8221;Mobilidade&#8221; image=&#8221;https:\/\/link4s.pt\/wp-content\/uploads\/2022\/06\/mobilidade@4x-8.png&#8221; alt_text=&#8221;Mobility&#8221; ic_button_button_url_new_window=&#8221;1&#8243; _builder_version=&#8221;4.19.4&#8243; _module_preset=&#8221;default&#8221; global_colors_info=&#8221;{}&#8221;][\/difl_imagecarouselitem][difl_imagecarouselitem admin_label=&#8221;Energia&#8221; image=&#8221;https:\/\/link4s.pt\/wp-content\/uploads\/2022\/06\/energia@4x-8.png&#8221; alt_text=&#8221;Energy&#8221; ic_button_button_url_new_window=&#8221;1&#8243; _builder_version=&#8221;4.19.4&#8243; _module_preset=&#8221;default&#8221; global_colors_info=&#8221;{}&#8221;][\/difl_imagecarouselitem][difl_imagecarouselitem admin_label=&#8221;Comunica\u00e7\u00e3o&#8221; image=&#8221;https:\/\/link4s.pt\/wp-content\/uploads\/2022\/06\/comunicacoes@4x-8.png&#8221; alt_text=&#8221;Communication&#8221; ic_button_button_url_new_window=&#8221;1&#8243; _builder_version=&#8221;4.19.4&#8243; _module_preset=&#8221;default&#8221; global_colors_info=&#8221;{}&#8221;][\/difl_imagecarouselitem][difl_imagecarouselitem admin_label=&#8221;Eletr\u00f3nica&#8221; image=&#8221;https:\/\/link4s.pt\/wp-content\/uploads\/2022\/06\/eletronica@4x-8.png&#8221; alt_text=&#8221;Electronics&#8221; ic_button_button_url_new_window=&#8221;1&#8243; _builder_version=&#8221;4.19.4&#8243; _module_preset=&#8221;default&#8221; global_colors_info=&#8221;{}&#8221;][\/difl_imagecarouselitem][\/difl_imagecarousel][\/et_pb_column][\/et_pb_row][\/et_pb_section]<\/p>\n","protected":false},"excerpt":{"rendered":"<p>Technology at the service of sustainabilityAboutOverview(Link4S)ustainability &#8211; A new generation connectivity system for creation and integration of networks of objects for new sustainability paradigms, is a RTD (Research and Technological Development) project led by NOS-Comunica\u00e7\u00f5es inco-promotion with Mobileum, Exatronic, REN, Portg\u00e1s, NOS-Technology, Wyze, Beyond Vision, CEIIA, DTx, INL and Minho University. The project has a [&hellip;]<\/p>\n","protected":false},"author":1,"featured_media":275191,"parent":0,"menu_order":1,"comment_status":"closed","ping_status":"closed","template":"","meta":{"_et_pb_use_builder":"on","_et_pb_old_content":"","_et_gb_content_width":"","footnotes":""},"difl_page_category":[],"class_list":["post-275341","page","type-page","status-publish","has-post-thumbnail","hentry"],"_links":{"self":[{"href":"https:\/\/link4s.pt\/en\/wp-json\/wp\/v2\/pages\/275341","targetHints":{"allow":["GET"]}}],"collection":[{"href":"https:\/\/link4s.pt\/en\/wp-json\/wp\/v2\/pages"}],"about":[{"href":"https:\/\/link4s.pt\/en\/wp-json\/wp\/v2\/types\/page"}],"author":[{"embeddable":true,"href":"https:\/\/link4s.pt\/en\/wp-json\/wp\/v2\/users\/1"}],"replies":[{"embeddable":true,"href":"https:\/\/link4s.pt\/en\/wp-json\/wp\/v2\/comments?post=275341"}],"version-history":[{"count":10,"href":"https:\/\/link4s.pt\/en\/wp-json\/wp\/v2\/pages\/275341\/revisions"}],"predecessor-version":[{"id":275454,"href":"https:\/\/link4s.pt\/en\/wp-json\/wp\/v2\/pages\/275341\/revisions\/275454"}],"wp:featuredmedia":[{"embeddable":true,"href":"https:\/\/link4s.pt\/en\/wp-json\/wp\/v2\/media\/275191"}],"wp:attachment":[{"href":"https:\/\/link4s.pt\/en\/wp-json\/wp\/v2\/media?parent=275341"}],"wp:term":[{"taxonomy":"difl_page_category","embeddable":true,"href":"https:\/\/link4s.pt\/en\/wp-json\/wp\/v2\/difl_page_category?post=275341"}],"curies":[{"name":"wp","href":"https:\/\/api.w.org\/{rel}","templated":true}]}}